{"id":17,"date":"2024-07-28T12:16:49","date_gmt":"2024-07-28T12:16:49","guid":{"rendered":"https:\/\/kingcoffee.es\/?page_id=17"},"modified":"2026-05-01T21:09:41","modified_gmt":"2026-05-01T21:09:41","slug":"contacto","status":"publish","type":"page","link":"https:\/\/kingcoffee.es\/es_es\/contacto\/","title":{"rendered":"Cont\u00e1cto"},"content":{"rendered":"\t\t<div data-elementor-type=\"wp-page\" data-elementor-id=\"17\" class=\"elementor elementor-17\" data-elementor-post-type=\"page\">\n\t\t\t\t<div class=\"elementor-element elementor-element-522166ae e-con-full e-flex e-con e-parent\" data-id=\"522166ae\" data-element_type=\"container\" data-e-type=\"container\" data-settings=\"{&quot;background_background&quot;:&quot;classic&quot;}\">\n\t\t<div class=\"elementor-element elementor-element-47b6ebb e-flex e-con-boxed e-con e-child\" data-id=\"47b6ebb\" data-element_type=\"container\" data-e-type=\"container\">\n\t\t\t\t\t<div class=\"e-con-inner\">\n\t\t\t\t<div class=\"elementor-element elementor-element-9b6762f animated-slow elementor-invisible elementor-widget elementor-widget-heading\" data-id=\"9b6762f\" data-element_type=\"widget\" data-e-type=\"widget\" data-settings=\"{&quot;_animation&quot;:&quot;slideInUp&quot;}\" data-widget_type=\"heading.default\">\n\t\t\t\t<div class=\"elementor-widget-container\">\n\t\t\t\t\t<h3 class=\"elementor-heading-title elementor-size-default\">Cont\u00e1ctanos<\/h3>\t\t\t\t<\/div>\n\t\t\t\t<\/div>\n\t\t\t\t\t<\/div>\n\t\t\t\t<\/div>\n\t\t<div class=\"elementor-element elementor-element-216a34f9 e-con-full e-flex e-con e-child\" data-id=\"216a34f9\" data-element_type=\"container\" data-e-type=\"container\">\n\t\t<div class=\"elementor-element elementor-element-3d045939 e-con-full e-flex e-con e-child\" data-id=\"3d045939\" data-element_type=\"container\" data-e-type=\"container\">\n\t\t\t\t<div class=\"elementor-element elementor-element-25deb564 elementor-widget elementor-widget-icon-box\" data-id=\"25deb564\" data-element_type=\"widget\" data-e-type=\"widget\" data-widget_type=\"icon-box.default\">\n\t\t\t\t<div class=\"elementor-widget-container\">\n\t\t\t\t\t\t\t<div class=\"elementor-icon-box-wrapper\">\n\n\t\t\t\n\t\t\t\t\t\t<div class=\"elementor-icon-box-content\">\n\n\t\t\t\t\t\t\t\t\t<h4 class=\"elementor-icon-box-title\">\n\t\t\t\t\t\t<a href=\"https:\/\/maps.app.goo.gl\/zMYBeFYrrwyzHUX96\" target=\"_blank\" >\n\t\t\t\t\t\t\tVis\u00edtanos \t\t\t\t\t\t<\/a>\n\t\t\t\t\t<\/h4>\n\t\t\t\t\n\t\t\t\t\t\t\t\t\t<p class=\"elementor-icon-box-description\">\n\t\t\t\t\t\tC. Roger de Flor, 179, Barcelona\nSagrada Familia\t\t\t\t\t<\/p>\n\t\t\t\t\n\t\t\t<\/div>\n\t\t\t\n\t\t<\/div>\n\t\t\t\t\t\t<\/div>\n\t\t\t\t<\/div>\n\t\t\t\t<div class=\"elementor-element elementor-element-5acb20aa elementor-widget elementor-widget-icon-box\" data-id=\"5acb20aa\" data-element_type=\"widget\" data-e-type=\"widget\" data-widget_type=\"icon-box.default\">\n\t\t\t\t<div class=\"elementor-widget-container\">\n\t\t\t\t\t\t\t<div class=\"elementor-icon-box-wrapper\">\n\n\t\t\t\n\t\t\t\t\t\t<div class=\"elementor-icon-box-content\">\n\n\t\t\t\t\t\t\t\t\t<h4 class=\"elementor-icon-box-title\">\n\t\t\t\t\t\t<a href=\"tel:930090689\" >\n\t\t\t\t\t\t\tTel\u00e9fono\t\t\t\t\t\t<\/a>\n\t\t\t\t\t<\/h4>\n\t\t\t\t\n\t\t\t\t\t\t\t\t\t<p class=\"elementor-icon-box-description\">\n\t\t\t\t\t\t930 090 689\t\t\t\t\t<\/p>\n\t\t\t\t\n\t\t\t<\/div>\n\t\t\t\n\t\t<\/div>\n\t\t\t\t\t\t<\/div>\n\t\t\t\t<\/div>\n\t\t\t\t<div class=\"elementor-element elementor-element-3e3c6dba elementor-widget elementor-widget-icon-box\" data-id=\"3e3c6dba\" data-element_type=\"widget\" data-e-type=\"widget\" data-widget_type=\"icon-box.default\">\n\t\t\t\t<div class=\"elementor-widget-container\">\n\t\t\t\t\t\t\t<div class=\"elementor-icon-box-wrapper\">\n\n\t\t\t\n\t\t\t\t\t\t<div class=\"elementor-icon-box-content\">\n\n\t\t\t\t\t\t\t\t\t<h4 class=\"elementor-icon-box-title\">\n\t\t\t\t\t\t<span  >\n\t\t\t\t\t\t\tHorarios\t\t\t\t\t\t<\/span>\n\t\t\t\t\t<\/h4>\n\t\t\t\t\n\t\t\t\t\t\t\t\t\t<p class=\"elementor-icon-box-description\">\n\t\t\t\t\t\tDe lunes a s\u00e1bado<br>\nde 8:30 am - 19:00 pm\t\t\t\t\t<\/p>\n\t\t\t\t\n\t\t\t<\/div>\n\t\t\t\n\t\t<\/div>\n\t\t\t\t\t\t<\/div>\n\t\t\t\t<\/div>\n\t\t\t\t<\/div>\n\t\t\t\t<div class=\"elementor-element elementor-element-2546e106 elementor-widget elementor-widget-image\" data-id=\"2546e106\" data-element_type=\"widget\" data-e-type=\"widget\" data-widget_type=\"image.default\">\n\t\t\t\t<div class=\"elementor-widget-container\">\n\t\t\t\t\t\t\t\t\t\t\t\t\t\t\t<img fetchpriority=\"high\" decoding=\"async\" width=\"800\" height=\"534\" src=\"https:\/\/kingcoffee.es\/wp-content\/uploads\/2024\/08\/king-coffee-alta-res-25-1024x683.jpeg\" class=\"attachment-large size-large wp-image-1118\" alt=\"\" srcset=\"https:\/\/kingcoffee.es\/wp-content\/uploads\/2024\/08\/king-coffee-alta-res-25-1024x683.jpeg 1024w, https:\/\/kingcoffee.es\/wp-content\/uploads\/2024\/08\/king-coffee-alta-res-25-300x200.jpeg 300w, https:\/\/kingcoffee.es\/wp-content\/uploads\/2024\/08\/king-coffee-alta-res-25-768x512.jpeg 768w, https:\/\/kingcoffee.es\/wp-content\/uploads\/2024\/08\/king-coffee-alta-res-25-1536x1024.jpeg 1536w, https:\/\/kingcoffee.es\/wp-content\/uploads\/2024\/08\/king-coffee-alta-res-25-2048x1365.jpeg 2048w, https:\/\/kingcoffee.es\/wp-content\/uploads\/2024\/08\/king-coffee-alta-res-25-18x12.jpeg 18w\" sizes=\"(max-width: 800px) 100vw, 800px\" \/>\t\t\t\t\t\t\t\t\t\t\t\t\t\t\t<\/div>\n\t\t\t\t<\/div>\n\t\t\t\t<\/div>\n\t\t\t\t<\/div>\n\t\t\t\t<\/div>\n\t\t","protected":false},"excerpt":{"rendered":"<p>Cont\u00e1ctanos Vis\u00edtanos C. Roger de Flor, 179, Barcelona Sagrada Familia Tel\u00e9fono 930 090 689 Horarios De lunes a s\u00e1bado de 8:30 am &#8211; 19:00 pm<\/p>\n","protected":false},"author":1,"featured_media":0,"parent":0,"menu_order":0,"comment_status":"closed","ping_status":"open","template":"","meta":{"_acf_changed":false,"inline_featured_image":false,"footnotes":""},"class_list":["post-17","page","type-page","status-publish","hentry"],"acf":[],"_links":{"self":[{"href":"https:\/\/kingcoffee.es\/es_es\/wp-json\/wp\/v2\/pages\/17","targetHints":{"allow":["GET"]}}],"collection":[{"href":"https:\/\/kingcoffee.es\/es_es\/wp-json\/wp\/v2\/pages"}],"about":[{"href":"https:\/\/kingcoffee.es\/es_es\/wp-json\/wp\/v2\/types\/page"}],"author":[{"embeddable":true,"href":"https:\/\/kingcoffee.es\/es_es\/wp-json\/wp\/v2\/users\/1"}],"replies":[{"embeddable":true,"href":"https:\/\/kingcoffee.es\/es_es\/wp-json\/wp\/v2\/comments?post=17"}],"version-history":[{"count":76,"href":"https:\/\/kingcoffee.es\/es_es\/wp-json\/wp\/v2\/pages\/17\/revisions"}],"predecessor-version":[{"id":14557,"href":"https:\/\/kingcoffee.es\/es_es\/wp-json\/wp\/v2\/pages\/17\/revisions\/14557"}],"wp:attachment":[{"href":"https:\/\/kingcoffee.es\/es_es\/wp-json\/wp\/v2\/media?parent=17"}],"curies":[{"name":"wp","href":"https:\/\/api.w.org\/{rel}","templated":true}]}}